{"id":11475,"date":"2023-11-27T18:15:48","date_gmt":"2023-11-27T21:15:48","guid":{"rendered":"https:\/\/www.isayweinfeld.com\/?page_id=11475"},"modified":"2024-04-23T12:41:36","modified_gmt":"2024-04-23T15:41:36","slug":"fire-and-passion","status":"publish","type":"page","link":"https:\/\/www.isayweinfeld.com\/en\/cinema\/feature-films\/fire-and-passion\/","title":{"rendered":"Fire and Passion"},"content":{"rendered":"\t\t<div data-elementor-type=\"wp-page\" data-elementor-id=\"11475\" class=\"elementor elementor-11475\" data-elementor-post-type=\"page\">\n\t\t\t\t\t\t\t<div class=\"elementor-element elementor-element-61096187 e-con-full e-flex e-con e-parent\" data-id=\"61096187\" data-element_type=\"container\" id=\"menu-fixo\" data-settings=\"{&quot;content_width&quot;:&quot;full&quot;,&quot;position&quot;:&quot;fixed&quot;}\" data-core-v316-plus=\"true\">\n\t\t\t\t<div class=\"elementor-element elementor-element-4e30212d elementor-widget elementor-widget-heading\" data-id=\"4e30212d\" data-element_type=\"widget\" data-widget_type=\"heading.default\">\n\t\t\t\t<div class=\"elementor-widget-container\">\n\t\t\t<style>\/*! elementor - v3.16.0 - 20-09-2023 *\/\n.elementor-heading-title{padding:0;margin:0;line-height:1}.elementor-widget-heading .elementor-heading-title[class*=elementor-size-]>a{color:inherit;font-size:inherit;line-height:inherit}.elementor-widget-heading .elementor-heading-title.elementor-size-small{font-size:15px}.elementor-widget-heading .elementor-heading-title.elementor-size-medium{font-size:19px}.elementor-widget-heading .elementor-heading-title.elementor-size-large{font-size:29px}.elementor-widget-heading .elementor-heading-title.elementor-size-xl{font-size:39px}.elementor-widget-heading .elementor-heading-title.elementor-size-xxl{font-size:59px}<\/style><h2 class=\"elementor-heading-title elementor-size-default\">cINEMA<\/h2>\t\t<\/div>\n\t\t\t\t<\/div>\n\t\t\t\t<div class=\"elementor-element elementor-element-4e6b0d4c elementor-nav-menu__align-left elementor-nav-menu--dropdown-tablet elementor-nav-menu__text-align-aside elementor-widget elementor-widget-nav-menu\" data-id=\"4e6b0d4c\" data-element_type=\"widget\" data-settings=\"{&quot;layout&quot;:&quot;horizontal&quot;,&quot;submenu_icon&quot;:{&quot;value&quot;:&quot;&lt;i class=\\&quot;fas fa-caret-down\\&quot;&gt;&lt;\\\/i&gt;&quot;,&quot;library&quot;:&quot;fa-solid&quot;}}\" data-widget_type=\"nav-menu.default\">\n\t\t\t\t<div class=\"elementor-widget-container\">\n\t\t\t<link rel=\"stylesheet\" href=\"https:\/\/www.isayweinfeld.com\/wp-content\/plugins\/elementor-pro\/assets\/css\/widget-nav-menu.min.css\">\t\t\t<nav class=\"elementor-nav-menu--main elementor-nav-menu__container elementor-nav-menu--layout-horizontal e--pointer-none\">\n\t\t\t\t<ul id=\"menu-1-4e6b0d4c\" class=\"elementor-nav-menu\"><li class=\"menu-item menu-item-type-post_type menu-item-object-page menu-item-11775\"><a href=\"https:\/\/www.isayweinfeld.com\/en\/cinema\/short-films\/\" class=\"elementor-item\">Short Films<\/a><\/li>\n<li class=\"menu-item menu-item-type-post_type menu-item-object-page menu-item-11776\"><a href=\"https:\/\/www.isayweinfeld.com\/en\/cinema\/feature-films\/\" class=\"elementor-item\">Feature Films<\/a><\/li>\n<li class=\"menu-item menu-item-type-post_type menu-item-object-page menu-item-11777\"><a href=\"https:\/\/www.isayweinfeld.com\/en\/cinema\/iw-films\/\" class=\"elementor-item\">IW FILMS<\/a><\/li>\n<\/ul>\t\t\t<\/nav>\n\t\t\t\t\t\t<nav class=\"elementor-nav-menu--dropdown elementor-nav-menu__container\" aria-hidden=\"true\">\n\t\t\t\t<ul id=\"menu-2-4e6b0d4c\" class=\"elementor-nav-menu\"><li class=\"menu-item menu-item-type-post_type menu-item-object-page menu-item-11775\"><a href=\"https:\/\/www.isayweinfeld.com\/en\/cinema\/short-films\/\" class=\"elementor-item\" tabindex=\"-1\">Short Films<\/a><\/li>\n<li class=\"menu-item menu-item-type-post_type menu-item-object-page menu-item-11776\"><a href=\"https:\/\/www.isayweinfeld.com\/en\/cinema\/feature-films\/\" class=\"elementor-item\" tabindex=\"-1\">Feature Films<\/a><\/li>\n<li class=\"menu-item menu-item-type-post_type menu-item-object-page menu-item-11777\"><a href=\"https:\/\/www.isayweinfeld.com\/en\/cinema\/iw-films\/\" class=\"elementor-item\" tabindex=\"-1\">IW FILMS<\/a><\/li>\n<\/ul>\t\t\t<\/nav>\n\t\t\t\t<\/div>\n\t\t\t\t<\/div>\n\t\t\t\t<\/div>\n\t\t<div class=\"elementor-element elementor-element-1ba02784 e-con-full alinhado-direita e-flex e-con e-parent\" data-id=\"1ba02784\" data-element_type=\"container\" data-settings=\"{&quot;content_width&quot;:&quot;full&quot;}\" data-core-v316-plus=\"true\">\n\t\t\t\t<div class=\"elementor-element elementor-element-1d28be59 elementor-widget elementor-widget-heading\" data-id=\"1d28be59\" data-element_type=\"widget\" data-widget_type=\"heading.default\">\n\t\t\t\t<div class=\"elementor-widget-container\">\n\t\t\t<h2 class=\"elementor-heading-title elementor-size-default\">FIRE AND PASSION <\/h2>\t\t<\/div>\n\t\t\t\t<\/div>\n\t\t\t\t<\/div>\n\t\t<div class=\"elementor-element elementor-element-7a9a1a45 e-con-full alinhado-direita e-flex e-con e-parent\" data-id=\"7a9a1a45\" data-element_type=\"container\" data-settings=\"{&quot;content_width&quot;:&quot;full&quot;}\" data-core-v316-plus=\"true\">\n\t\t\t\t<div class=\"elementor-element elementor-element-45ff5f0e elementor-widget elementor-widget-video\" data-id=\"45ff5f0e\" data-element_type=\"widget\" data-settings=\"{&quot;video_type&quot;:&quot;vimeo&quot;}\" data-widget_type=\"video.default\">\n\t\t\t\t<div class=\"elementor-widget-container\">\n\t\t\t<style>\/*! elementor - v3.16.0 - 20-09-2023 *\/\n.elementor-widget-video .elementor-widget-container{overflow:hidden;transform:translateZ(0)}.elementor-widget-video .elementor-wrapper{aspect-ratio:var(--video-aspect-ratio)}.elementor-widget-video .elementor-wrapper iframe,.elementor-widget-video .elementor-wrapper video{height:100%;width:100%;display:flex;border:none;background-color:#000}@supports not (aspect-ratio:1\/1){.elementor-widget-video .elementor-wrapper{position:relative;overflow:hidden;height:0;padding-bottom:calc(100% \/ var(--video-aspect-ratio))}.elementor-widget-video .elementor-wrapper iframe,.elementor-widget-video .elementor-wrapper video{position:absolute;top:0;right:0;bottom:0;left:0}}.elementor-widget-video .elementor-open-inline .elementor-custom-embed-image-overlay{position:absolute;top:0;right:0;bottom:0;left:0;background-size:cover;background-position:50%}.elementor-widget-video .elementor-custom-embed-image-overlay{cursor:pointer;text-align:center}.elementor-widget-video .elementor-custom-embed-image-overlay:hover .elementor-custom-embed-play i{opacity:1}.elementor-widget-video .elementor-custom-embed-image-overlay img{display:block;width:100%;aspect-ratio:var(--video-aspect-ratio);-o-object-fit:cover;object-fit:cover;-o-object-position:center center;object-position:center center}@supports not (aspect-ratio:1\/1){.elementor-widget-video .elementor-custom-embed-image-overlay{position:relative;overflow:hidden;height:0;padding-bottom:calc(100% \/ var(--video-aspect-ratio))}.elementor-widget-video .elementor-custom-embed-image-overlay img{position:absolute;top:0;right:0;bottom:0;left:0}}.elementor-widget-video .e-hosted-video .elementor-video{-o-object-fit:cover;object-fit:cover}.e-con-inner>.elementor-widget-video,.e-con>.elementor-widget-video{width:var(--container-widget-width);--flex-grow:var(--container-widget-flex-grow)}<\/style>\t\t<div class=\"elementor-wrapper elementor-open-inline\">\n\t\t\t<iframe class=\"elementor-video-iframe\" allowfullscreen title=\"vimeo Video Player\" src=\"https:\/\/player.vimeo.com\/video\/490734472?color&amp;autopause=0&amp;loop=0&amp;muted=0&amp;title=1&amp;portrait=1&amp;byline=1#t=\"><\/iframe>\t\t<\/div>\n\t\t\t\t<\/div>\n\t\t\t\t<\/div>\n\t\t\t\t<\/div>\n\t\t<div class=\"elementor-element elementor-element-9905213 e-con-full alinhado-direita e-flex e-con e-parent\" data-id=\"9905213\" data-element_type=\"container\" data-settings=\"{&quot;content_width&quot;:&quot;full&quot;}\" data-core-v316-plus=\"true\">\n\t\t\t\t<div class=\"elementor-element elementor-element-1accd2b9 eael-table-align-right eael-dt-th-align-left elementor-widget elementor-widget-eael-data-table\" data-id=\"1accd2b9\" data-element_type=\"widget\" data-widget_type=\"eael-data-table.default\">\n\t\t\t\t<div class=\"elementor-widget-container\">\n\t\t\t\t\t<div class=\"eael-data-table-wrap\" data-table_id=\"1accd2b9\" id=\"eael-data-table-1accd2b9\" data-custom_responsive=\"false\">\n\t\t\t<table class=\"tablesorter eael-data-table right\" id=\"eael-data-table-1accd2b9\">\n\t\t\t    <thead>\n\t\t\t        <tr class=\"table-header\">\n\t\t\t\t\t\t\t\t\t            <th class=\"\" id=\"\" colspan=\"\">\n\t\t\t\t\t\t\t\t\t\t\t\t\t\t<span class=\"data-table-header-text\">LENGHT<\/span><\/th>\n\t\t\t        \t\t\t\t            <th class=\"\" id=\"\" colspan=\"\">\n\t\t\t\t\t\t\t\t\t\t\t\t\t\t<span class=\"data-table-header-text\">YEAR<\/span><\/th>\n\t\t\t        \t\t\t\t        <\/tr>\n\t\t\t    <\/thead>\n\t\t\t  \t<tbody>\n\t\t\t\t\t\t\t\t\t\t\t<tr>\n\t\t\t\t\t\t\t\t\t\t\t\t\t\t\t\t   \t\t\t\t\t\t\t\t\t\t\t<td colspan=\"\" rowspan=\"\" class=\"\" id=\"\">\n\t\t\t\t\t\t\t\t\t\t\t\t<div class=\"td-content-wrapper\"><div class=\"td-content\">1h30m<\/div><\/div>\n\t\t\t\t\t\t\t\t\t\t\t<\/td>\n\t\t\t\t\t\t\t\t\t\t\t\t\t\t\t\t\t\t\t\t\t\t\t\t\t\t\t\t\t   \t\t\t\t\t\t\t\t\t\t\t<td colspan=\"\" rowspan=\"\" class=\"\" id=\"\">\n\t\t\t\t\t\t\t\t\t\t\t\t<div class=\"td-content-wrapper\"><div class=\"td-content\">1988<\/div><\/div>\n\t\t\t\t\t\t\t\t\t\t\t<\/td>\n\t\t\t\t\t\t\t\t\t\t\t\t\t\t\t\t\t\t\t\t\t\t\t\t\t\t<\/tr>\n\t\t\t        \t\t\t    <\/tbody>\n\t\t\t<\/table>\n\t\t<\/div>\n\t  \t\t\t<\/div>\n\t\t\t\t<\/div>\n\t\t\t\t<\/div>\n\t\t<div class=\"elementor-element elementor-element-652fc0d7 e-con-full alinhado-direita e-flex e-con e-parent\" data-id=\"652fc0d7\" data-element_type=\"container\" data-settings=\"{&quot;content_width&quot;:&quot;full&quot;}\" data-core-v316-plus=\"true\">\n\t\t<div class=\"elementor-element elementor-element-ed6fa0 e-con-full e-flex e-con e-child\" data-id=\"ed6fa0\" data-element_type=\"container\" data-settings=\"{&quot;content_width&quot;:&quot;full&quot;}\">\n\t\t\t\t<div class=\"elementor-element elementor-element-5fcc223 texto-aqui elementor-widget elementor-widget-text-editor\" data-id=\"5fcc223\" data-element_type=\"widget\" data-widget_type=\"text-editor.default\">\n\t\t\t\t<div class=\"elementor-widget-container\">\n\t\t\t<style>\/*! elementor - v3.16.0 - 20-09-2023 *\/\n.elementor-widget-text-editor.elementor-drop-cap-view-stacked .elementor-drop-cap{background-color:#69727d;color:#fff}.elementor-widget-text-editor.elementor-drop-cap-view-framed .elementor-drop-cap{color:#69727d;border:3px solid;background-color:transparent}.elementor-widget-text-editor:not(.elementor-drop-cap-view-default) .elementor-drop-cap{margin-top:8px}.elementor-widget-text-editor:not(.elementor-drop-cap-view-default) .elementor-drop-cap-letter{width:1em;height:1em}.elementor-widget-text-editor .elementor-drop-cap{float:left;text-align:center;line-height:1;font-size:50px}.elementor-widget-text-editor .elementor-drop-cap-letter{display:inline-block}<\/style>\t\t\t\t\t\t\t\t\t\t<\/div>\n\t\t\t\t<\/div>\n\t\t\t\t<\/div>\n\t\t<div class=\"elementor-element elementor-element-6a08d6ad e-con-full e-flex e-con e-child\" data-id=\"6a08d6ad\" data-element_type=\"container\" data-settings=\"{&quot;content_width&quot;:&quot;full&quot;}\">\n\t\t\t\t<div class=\"elementor-element elementor-element-478c03d elementor-widget__width-auto muda-mobile elementor-widget elementor-widget-text-editor\" data-id=\"478c03d\" data-element_type=\"widget\" data-widget_type=\"text-editor.default\">\n\t\t\t\t<div class=\"elementor-widget-container\">\n\t\t\t\t\t\t\t<h2>DIRECTORS<\/h2><p>Isay Weinfeld<br \/>Marcio Kogan<\/p><h2>SCREENPLAY<\/h2><p>Isay Weinfeld<br \/>Marcio Kogan<\/p><h2>CINEMATOGRAPHY<\/h2><p>Pedro Farkas<\/p><h2>ART DIRECTION<\/h2><p>Felipe Crescenti<br \/>Isay Weinfeld<br \/>Marcio Kogan<\/p><h2>COSTUME DESIGN<\/h2><p>Leda Senice<\/p><h2>CAST<\/h2><p>Cristina Mutarelli<br \/>Carlos Moreno<br \/>Mariana Suz\u00e1<br \/>Fernando Amaral<br \/>Iara Jamra<br \/>Riva Nimitz<br \/>Ken Kaneko<br \/>Yvonne Buckingham<br \/>Ed Stanton<br \/>Julio Levy<br \/>Cassiano Ricardo<br \/>Virg\u00ednia Punko<br \/>Norival Rizzo<br \/>Fernanda Montenegro<br \/>Paulo Autran<br \/>T\u00f4nia Carrero<br \/>Zez\u00e9 Macedo<br \/>Rita Lee<br \/>Roberto de Carvalho<br \/>Fernanda Torres<br \/>Monique Evans<br \/>Regina Cas\u00e9<br \/>S\u00e9rgio Mamberti<br \/>Nair Bello<br \/>Abra\u00e3o Berman<br \/>Linda Conde<br \/>Rui Resende<br \/>Giulia Gam<br \/>Mii Saki<\/p>\t\t\t\t\t\t<\/div>\n\t\t\t\t<\/div>\n\t\t\t\t<div class=\"elementor-element elementor-element-3aa88de9 elementor-widget elementor-widget-html\" data-id=\"3aa88de9\" data-element_type=\"widget\" data-widget_type=\"html.default\">\n\t\t\t\t<div class=\"elementor-widget-container\">\n\t\t\t<script>\nfunction detectMob() {\n    const toMatch = [\n        \/Android\/i,\n        \/webOS\/i,\n        \/iPhone\/i,\n        \/iPad\/i,\n        \/iPod\/i,\n        \/BlackBerry\/i,\n        \/Windows Phone\/i\n    ];\n    \n    return toMatch.some((toMatchItem) => {\n        return navigator.userAgent.match(toMatchItem);\n    });\n}\nisMobile = detectMob();\nif(isMobile){\n    console.log('ismobile')\n    var copyDiv = jQuery('.muda-mobile .elementor-widget-container').html();\n    jQuery('.muda-mobile').remove();\n    jQuery('.texto-aqui .elementor-widget-container').append(copyDiv)\n}\n\n\n\n<\/script>\t\t<\/div>\n\t\t\t\t<\/div>\n\t\t\t\t<\/div>\n\t\t\t\t<\/div>\n\t\t\t\t\t\t\t<\/div>\n\t\t","protected":false},"excerpt":{"rendered":"<p>cINEMA FIRE AND PASSION LENGHT YEAR 1h30m 1988 DIRECTORS Isay WeinfeldMarcio Kogan SCREENPLAY Isay WeinfeldMarcio Kogan CINEMATOGRAPHY Pedro Farkas ART DIRECTION Felipe CrescentiIsay WeinfeldMarcio Kogan COSTUME DESIGN Leda Senice CAST Cristina MutarelliCarlos MorenoMariana Suz\u00e1Fernando AmaralIara JamraRiva NimitzKen KanekoYvonne BuckinghamEd StantonJulio LevyCassiano RicardoVirg\u00ednia PunkoNorival RizzoFernanda MontenegroPaulo AutranT\u00f4nia CarreroZez\u00e9 MacedoRita LeeRoberto de CarvalhoFernanda TorresMonique EvansRegina Cas\u00e9S\u00e9rgio MambertiNair [&hellip;]<\/p>\n","protected":false},"author":2,"featured_media":0,"parent":11470,"menu_order":0,"comment_status":"closed","ping_status":"closed","template":"elementor_header_footer","meta":{"footnotes":""},"acf":[],"_links":{"self":[{"href":"https:\/\/www.isayweinfeld.com\/en\/wp-json\/wp\/v2\/pages\/11475"}],"collection":[{"href":"https:\/\/www.isayweinfeld.com\/en\/wp-json\/wp\/v2\/pages"}],"about":[{"href":"https:\/\/www.isayweinfeld.com\/en\/wp-json\/wp\/v2\/types\/page"}],"author":[{"embeddable":true,"href":"https:\/\/www.isayweinfeld.com\/en\/wp-json\/wp\/v2\/users\/2"}],"replies":[{"embeddable":true,"href":"https:\/\/www.isayweinfeld.com\/en\/wp-json\/wp\/v2\/comments?post=11475"}],"version-history":[{"count":4,"href":"https:\/\/www.isayweinfeld.com\/en\/wp-json\/wp\/v2\/pages\/11475\/revisions"}],"predecessor-version":[{"id":11482,"href":"https:\/\/www.isayweinfeld.com\/en\/wp-json\/wp\/v2\/pages\/11475\/revisions\/11482"}],"up":[{"embeddable":true,"href":"https:\/\/www.isayweinfeld.com\/en\/wp-json\/wp\/v2\/pages\/11470"}],"wp:attachment":[{"href":"https:\/\/www.isayweinfeld.com\/en\/wp-json\/wp\/v2\/media?parent=11475"}],"curies":[{"name":"wp","href":"https:\/\/api.w.org\/{rel}","templated":true}]}}